{"id":14042,"date":"2022-09-05T15:23:49","date_gmt":"2022-09-05T13:23:49","guid":{"rendered":"https:\/\/www.stockmeier.fr\/contact-us\/"},"modified":"2024-01-09T16:01:10","modified_gmt":"2024-01-09T15:01:10","slug":"contact-us","status":"publish","type":"page","link":"https:\/\/www.stockmeier.fr\/en\/contact-us\/","title":{"rendered":"Contact us"},"content":{"rendered":"\t\t<div data-elementor-type=\"wp-page\" data-elementor-id=\"14042\" class=\"elementor elementor-14042 elementor-13\" data-elementor-post-type=\"page\">\n\t\t\t\t\t\t<section class=\"elementor-section elementor-top-section elementor-element elementor-element-28483715 elementor-section-full_width elementor-section-height-min-height elementor-section-items-bottom gamme_ban elementor-section-height-default\" data-id=\"28483715\" data-element_type=\"section\" data-e-type=\"section\" data-settings=\"{&quot;background_background&quot;:&quot;classic&quot;}\">\n\t\t\t\t\t\t<div class=\"elementor-container elementor-column-gap-no\">\n\t\t\t\t\t<div class=\"elementor-column elementor-col-100 elementor-top-column elementor-element elementor-element-6334ca93\" data-id=\"6334ca93\" data-element_type=\"column\" data-e-type=\"column\">\n\t\t\t<div class=\"elementor-widget-wrap elementor-element-populated\">\n\t\t\t\t\t\t<section class=\"elementor-section elementor-inner-section elementor-element elementor-element-6ddc12ad elementor-section-boxed elementor-section-height-default elementor-section-height-default\" data-id=\"6ddc12ad\" data-element_type=\"section\" data-e-type=\"section\">\n\t\t\t\t\t\t<div class=\"elementor-container elementor-column-gap-no\">\n\t\t\t\t\t<div class=\"elementor-column elementor-col-100 elementor-inner-column elementor-element elementor-element-51790c59 gamme_ban_label\" data-id=\"51790c59\" data-element_type=\"column\" data-e-type=\"column\">\n\t\t\t<div class=\"elementor-widget-wrap elementor-element-populated\">\n\t\t\t\t\t\t<div class=\"elementor-element elementor-element-75323256 gamme_ban_titre elementor-widget elementor-widget-heading\" data-id=\"75323256\" data-element_type=\"widget\" data-e-type=\"widget\" data-widget_type=\"heading.default\">\n\t\t\t\t<div class=\"elementor-widget-container\">\n\t\t\t\t\t<h2 class=\"elementor-heading-title elementor-size-default\">Contact us<\/h2>\t\t\t\t<\/div>\n\t\t\t\t<\/div>\n\t\t\t\t\t<\/div>\n\t\t<\/div>\n\t\t\t\t\t<\/div>\n\t\t<\/section>\n\t\t\t\t\t<\/div>\n\t\t<\/div>\n\t\t\t\t\t<\/div>\n\t\t<\/section>\n\t\t\t\t<section class=\"elementor-section elementor-top-section elementor-element elementor-element-76119e52 elementor-section-full_width elementor-section-height-default elementor-section-height-default\" data-id=\"76119e52\" data-element_type=\"section\" data-e-type=\"section\">\n\t\t\t\t\t\t<div class=\"elementor-container elementor-column-gap-no\">\n\t\t\t\t\t<div class=\"elementor-column elementor-col-100 elementor-top-column elementor-element elementor-element-1c09c929\" data-id=\"1c09c929\" data-element_type=\"column\" data-e-type=\"column\">\n\t\t\t<div class=\"elementor-widget-wrap elementor-element-populated\">\n\t\t\t\t\t\t<div class=\"elementor-element elementor-element-3554200d elementor-widget elementor-widget-spacer\" data-id=\"3554200d\" data-element_type=\"widget\" data-e-type=\"widget\" data-widget_type=\"spacer.default\">\n\t\t\t\t<div class=\"elementor-widget-container\">\n\t\t\t\t\t\t\t<div class=\"elementor-spacer\">\n\t\t\t<div class=\"elementor-spacer-inner\"><\/div>\n\t\t<\/div>\n\t\t\t\t\t\t<\/div>\n\t\t\t\t<\/div>\n\t\t\t\t\t<\/div>\n\t\t<\/div>\n\t\t\t\t\t<\/div>\n\t\t<\/section>\n\t\t\t\t<section class=\"elementor-section elementor-top-section elementor-element elementor-element-2c79a08 formContact elementor-section-boxed elementor-section-height-default elementor-section-height-default\" data-id=\"2c79a08\" data-element_type=\"section\" data-e-type=\"section\" data-settings=\"{&quot;background_background&quot;:&quot;classic&quot;}\">\n\t\t\t\t\t\t<div class=\"elementor-container elementor-column-gap-no\">\n\t\t\t\t\t<div class=\"elementor-column elementor-col-100 elementor-top-column elementor-element elementor-element-11edf1c\" data-id=\"11edf1c\" data-element_type=\"column\" data-e-type=\"column\" data-settings=\"{&quot;background_background&quot;:&quot;classic&quot;}\">\n\t\t\t<div class=\"elementor-widget-wrap elementor-element-populated\">\n\t\t\t\t\t\t<div class=\"elementor-element elementor-element-cad95bd elementor-widget elementor-widget-shortcode\" data-id=\"cad95bd\" data-element_type=\"widget\" data-e-type=\"widget\" data-widget_type=\"shortcode.default\">\n\t\t\t\t<div class=\"elementor-widget-container\">\n\t\t\t\t\t\t\t<div class=\"elementor-shortcode\">\n<div class=\"wpcf7 no-js\" id=\"wpcf7-f14056-o1\" lang=\"en-US\" dir=\"ltr\" data-wpcf7-id=\"14056\">\n<div class=\"screen-reader-response\"><p role=\"status\" aria-live=\"polite\" aria-atomic=\"true\"><\/p> <ul><\/ul><\/div>\n<form action=\"\/en\/wp-json\/wp\/v2\/pages\/14042#wpcf7-f14056-o1\" method=\"post\" class=\"wpcf7-form init\" aria-label=\"Contact form\" novalidate=\"novalidate\" data-status=\"init\">\n<fieldset class=\"hidden-fields-container\"><input type=\"hidden\" name=\"_wpcf7\" value=\"14056\" \/><input type=\"hidden\" name=\"_wpcf7_version\" value=\"6.1.5\" \/><input type=\"hidden\" name=\"_wpcf7_locale\" value=\"en_US\" \/><input type=\"hidden\" name=\"_wpcf7_unit_tag\" value=\"wpcf7-f14056-o1\" \/><input type=\"hidden\" name=\"_wpcf7_container_post\" value=\"0\" \/><input type=\"hidden\" name=\"_wpcf7_posted_data_hash\" value=\"\" \/><input type=\"hidden\" name=\"_wpcf7cf_hidden_group_fields\" value=\"[]\" \/><input type=\"hidden\" name=\"_wpcf7cf_hidden_groups\" value=\"[]\" \/><input type=\"hidden\" name=\"_wpcf7cf_visible_groups\" value=\"[]\" \/><input type=\"hidden\" name=\"_wpcf7cf_repeaters\" value=\"[]\" \/><input type=\"hidden\" name=\"_wpcf7cf_steps\" value=\"{}\" \/><input type=\"hidden\" name=\"_wpcf7cf_options\" value=\"{&quot;form_id&quot;:14056,&quot;conditions&quot;:[],&quot;settings&quot;:{&quot;animation&quot;:&quot;no&quot;,&quot;animation_intime&quot;:&quot;200&quot;,&quot;animation_outtime&quot;:&quot;200&quot;,&quot;conditions_ui&quot;:&quot;normal&quot;,&quot;notice_dismissed&quot;:&quot;&quot;,&quot;notice_dismissed_rollback-cf7-5.6.4&quot;:true}}\" \/><input type=\"hidden\" name=\"_wpcf7_recaptcha_response\" value=\"\" \/>\n<\/fieldset>\n<div class=\"form_item form_item--title\">Your request concerns:<\/div>\n<div class=\"form_item form_item--button\">\n   <div class=\"form_bt form_bt--range\">A range of products<\/div>\n   <div class=\"form_bt form_bt--site\">A STOCKMEIER France site<\/div>\n<\/div>\n<div class=\"form_item form_item--radio form_item--range\">\n   <span class=\"wpcf7-form-control-wrap\" data-name=\"radio_range\"><span class=\"wpcf7-form-control wpcf7-radio\"><span class=\"wpcf7-list-item first\"><label><input type=\"radio\" name=\"radio_range\" value=\"-\" checked=\"checked\" \/><span class=\"wpcf7-list-item-label\">-<\/span><\/label><\/span><span class=\"wpcf7-list-item\"><label><input type=\"radio\" name=\"radio_range\" value=\"Distribution &amp; Services\" \/><span class=\"wpcf7-list-item-label\">Distribution &amp; Services<\/span><\/label><\/span><span class=\"wpcf7-list-item\"><label><input type=\"radio\" name=\"radio_range\" value=\"Food Ingredients\" \/><span class=\"wpcf7-list-item-label\">Food Ingredients<\/span><\/label><\/span><span class=\"wpcf7-list-item\"><label><input type=\"radio\" name=\"radio_range\" value=\"Hygiene &amp; Disinfection\" \/><span class=\"wpcf7-list-item-label\">Hygiene &amp; Disinfection<\/span><\/label><\/span><span class=\"wpcf7-list-item\"><label><input type=\"radio\" name=\"radio_range\" value=\"Feed &amp; Petfood\" \/><span class=\"wpcf7-list-item-label\">Feed &amp; Petfood<\/span><\/label><\/span><span class=\"wpcf7-list-item\"><label><input type=\"radio\" name=\"radio_range\" value=\"Cosmetic Ingredients\" \/><span class=\"wpcf7-list-item-label\">Cosmetic Ingredients<\/span><\/label><\/span><span class=\"wpcf7-list-item\"><label><input type=\"radio\" name=\"radio_range\" value=\"Industrial &amp; Home Care\" \/><span class=\"wpcf7-list-item-label\">Industrial &amp; Home Care<\/span><\/label><\/span><span class=\"wpcf7-list-item\"><label><input type=\"radio\" name=\"radio_range\" value=\"Methanisation Water Treatment\" \/><span class=\"wpcf7-list-item-label\">Methanisation Water Treatment<\/span><\/label><\/span><span class=\"wpcf7-list-item last\"><label><input type=\"radio\" name=\"radio_range\" value=\"Coatings &amp; Resins\" \/><span class=\"wpcf7-list-item-label\">Coatings &amp; Resins<\/span><\/label><\/span><\/span><\/span>\n<\/div>\n<div class=\"form_item form_item--radio form_item--site\">\n   <span class=\"wpcf7-form-control-wrap\" data-name=\"radio_site\"><span class=\"wpcf7-form-control wpcf7-radio\"><span class=\"wpcf7-list-item first\"><label><input type=\"radio\" name=\"radio_site\" value=\"-\" checked=\"checked\" \/><span class=\"wpcf7-list-item-label\">-<\/span><\/label><\/span><span class=\"wpcf7-list-item\"><label><input type=\"radio\" name=\"radio_site\" value=\"Rennes site\" \/><span class=\"wpcf7-list-item-label\">Rennes site<\/span><\/label><\/span><span class=\"wpcf7-list-item\"><label><input type=\"radio\" name=\"radio_site\" value=\"Haubourdin Site\" \/><span class=\"wpcf7-list-item-label\">Haubourdin Site<\/span><\/label><\/span><span class=\"wpcf7-list-item\"><label><input type=\"radio\" name=\"radio_site\" value=\"Montereau Ft\/Yonne site\" \/><span class=\"wpcf7-list-item-label\">Montereau Ft\/Yonne site<\/span><\/label><\/span><span class=\"wpcf7-list-item\"><label><input type=\"radio\" name=\"radio_site\" value=\"Niort site\" \/><span class=\"wpcf7-list-item-label\">Niort site<\/span><\/label><\/span><span class=\"wpcf7-list-item\"><label><input type=\"radio\" name=\"radio_site\" value=\"Site of Arnas\" \/><span class=\"wpcf7-list-item-label\">Site of Arnas<\/span><\/label><\/span><span class=\"wpcf7-list-item\"><label><input type=\"radio\" name=\"radio_site\" value=\"Cestas site\" \/><span class=\"wpcf7-list-item-label\">Cestas site<\/span><\/label><\/span><span class=\"wpcf7-list-item last\"><label><input type=\"radio\" name=\"radio_site\" value=\"Sevran site \/ Lubro S.A\" \/><span class=\"wpcf7-list-item-label\">Sevran site \/ Lubro S.A<\/span><\/label><\/span><\/span><\/span>\n<\/div>\n<div class=\"form_item form_item--double\">\n<span class=\"wpcf7-form-control-wrap\" data-name=\"surname\"><input size=\"40\" maxlength=\"400\" class=\"wpcf7-form-control wpcf7-text wpcf7-validates-as-required\" aria-required=\"true\" aria-invalid=\"false\" placeholder=\"surname*\" value=\"\" type=\"text\" name=\"surname\" \/><\/span><span class=\"wpcf7-form-control-wrap\" data-name=\"first\"><input size=\"40\" maxlength=\"400\" class=\"wpcf7-form-control wpcf7-text wpcf7-validates-as-required\" aria-required=\"true\" aria-invalid=\"false\" placeholder=\"First name*\" value=\"\" type=\"text\" name=\"first\" \/><\/span>\n<\/div>\n<div class=\"form_item\">\n<span class=\"wpcf7-form-control-wrap\" data-name=\"mail\"><input size=\"40\" maxlength=\"400\" class=\"wpcf7-form-control wpcf7-email wpcf7-validates-as-required wpcf7-text wpcf7-validates-as-email\" aria-required=\"true\" aria-invalid=\"false\" placeholder=\"Mail*\" value=\"\" type=\"email\" name=\"mail\" \/><\/span>\n<\/div>\n<div class=\"form_item form_item--double\">\n<span class=\"wpcf7-form-control-wrap\" data-name=\"cp\"><input size=\"40\" maxlength=\"400\" class=\"wpcf7-form-control wpcf7-text wpcf7-validates-as-required\" aria-required=\"true\" aria-invalid=\"false\" placeholder=\"Postal Code*\" value=\"\" type=\"text\" name=\"cp\" \/><\/span><span class=\"wpcf7-form-control-wrap\" data-name=\"city\"><input size=\"40\" maxlength=\"400\" class=\"wpcf7-form-control wpcf7-text wpcf7-validates-as-required\" aria-required=\"true\" aria-invalid=\"false\" placeholder=\"City*\" value=\"\" type=\"text\" name=\"city\" \/><\/span>\n<\/div>\n<div class=\"form_item form_item--double\">\n<span class=\"wpcf7-form-control-wrap\" data-name=\"phone\"><input size=\"40\" maxlength=\"400\" class=\"wpcf7-form-control wpcf7-text wpcf7-validates-as-required\" aria-required=\"true\" aria-invalid=\"false\" placeholder=\"Phone Number*\" value=\"\" type=\"text\" name=\"phone\" \/><\/span><span class=\"wpcf7-form-control-wrap\" data-name=\"company\"><input size=\"40\" maxlength=\"400\" class=\"wpcf7-form-control wpcf7-text wpcf7-validates-as-required\" aria-required=\"true\" aria-invalid=\"false\" placeholder=\"Company Name*\" value=\"\" type=\"text\" name=\"company\" \/><\/span>\n<\/div>\n<div class=\"form_item\">\n<span class=\"wpcf7-form-control-wrap\" data-name=\"title\"><input size=\"40\" maxlength=\"400\" class=\"wpcf7-form-control wpcf7-text wpcf7-validates-as-required\" aria-required=\"true\" aria-invalid=\"false\" placeholder=\"Job title*\" value=\"\" type=\"text\" name=\"title\" \/><\/span>\n<\/div>\n<div class=\"form_item\">\n[textarea* message \u201cYour request\u201d]\n<\/div>\n<div class=\"form_item form_item--submit\">\n<input class=\"wpcf7-form-control wpcf7-submit has-spinner\" type=\"submit\" value=\"Send\" \/>\n<\/div>\n<\/div><p style=\"display: none !important;\" class=\"akismet-fields-container\" data-prefix=\"_wpcf7_ak_\"><label>&#916;<textarea name=\"_wpcf7_ak_hp_textarea\" cols=\"45\" rows=\"8\" maxlength=\"100\"><\/textarea><\/label><input type=\"hidden\" id=\"ak_js_1\" name=\"_wpcf7_ak_js\" value=\"160\"\/><script>document.getElementById( \"ak_js_1\" ).setAttribute( \"value\", ( new Date() ).getTime() );<\/script><\/p><div class=\"wpcf7-response-output\" aria-hidden=\"true\"><\/div>\n<\/form>\n<\/div>\n<\/div>\n\t\t\t\t\t\t<\/div>\n\t\t\t\t<\/div>\n\t\t\t\t\t<\/div>\n\t\t<\/div>\n\t\t\t\t\t<\/div>\n\t\t<\/section>\n\t\t\t\t<\/div>\n\t\t","protected":false},"excerpt":{"rendered":"<p>Contact us<\/p>\n","protected":false},"author":1,"featured_media":0,"parent":0,"menu_order":0,"comment_status":"closed","ping_status":"closed","template":"","meta":{"_acf_changed":false,"inline_featured_image":false,"footnotes":""},"class_list":["post-14042","page","type-page","status-publish","hentry"],"acf":[],"yoast_head":"<!-- This site is optimized with the Yoast SEO plugin v27.3 - https:\/\/yoast.com\/product\/yoast-seo-wordpress\/ -->\n<title>Contact us - STOCKMEIER France<\/title>\n<meta name=\"robots\" content=\"index, follow, max-snippet:-1, max-image-preview:large, max-video-preview:-1\" \/>\n<link rel=\"canonical\" href=\"https:\/\/www.stockmeier.fr\/en\/contact-us\/\" \/>\n<meta property=\"og:locale\" content=\"en_US\" \/>\n<meta property=\"og:type\" content=\"article\" \/>\n<meta property=\"og:title\" content=\"Contact us - STOCKMEIER France\" \/>\n<meta property=\"og:description\" content=\"Contact us\" \/>\n<meta property=\"og:url\" content=\"https:\/\/www.stockmeier.fr\/en\/contact-us\/\" \/>\n<meta property=\"og:site_name\" content=\"STOCKMEIER France\" \/>\n<meta property=\"article:publisher\" content=\"https:\/\/www.facebook.com\/STOCKMEIERGruppe\/\" \/>\n<meta property=\"article:modified_time\" content=\"2024-01-09T15:01:10+00:00\" \/>\n<meta name=\"twitter:card\" content=\"summary_large_image\" \/>\n<script type=\"application\/ld+json\" class=\"yoast-schema-graph\">{\"@context\":\"https:\\\/\\\/schema.org\",\"@graph\":[{\"@type\":\"WebPage\",\"@id\":\"https:\\\/\\\/www.stockmeier.fr\\\/en\\\/contact-us\\\/\",\"url\":\"https:\\\/\\\/www.stockmeier.fr\\\/en\\\/contact-us\\\/\",\"name\":\"Contact us - STOCKMEIER France\",\"isPartOf\":{\"@id\":\"https:\\\/\\\/www.stockmeier.fr\\\/en\\\/#website\"},\"datePublished\":\"2022-09-05T13:23:49+00:00\",\"dateModified\":\"2024-01-09T15:01:10+00:00\",\"breadcrumb\":{\"@id\":\"https:\\\/\\\/www.stockmeier.fr\\\/en\\\/contact-us\\\/#breadcrumb\"},\"inLanguage\":\"en-US\",\"potentialAction\":[{\"@type\":\"ReadAction\",\"target\":[\"https:\\\/\\\/www.stockmeier.fr\\\/en\\\/contact-us\\\/\"]}]},{\"@type\":\"BreadcrumbList\",\"@id\":\"https:\\\/\\\/www.stockmeier.fr\\\/en\\\/contact-us\\\/#breadcrumb\",\"itemListElement\":[{\"@type\":\"ListItem\",\"position\":1,\"name\":\"Stockmeier France\",\"item\":\"https:\\\/\\\/www.stockmeier.fr\\\/en\\\/homepage\\\/\"},{\"@type\":\"ListItem\",\"position\":2,\"name\":\"Contact us\"}]},{\"@type\":\"WebSite\",\"@id\":\"https:\\\/\\\/www.stockmeier.fr\\\/en\\\/#website\",\"url\":\"https:\\\/\\\/www.stockmeier.fr\\\/en\\\/\",\"name\":\"STOCKMEIER France\",\"description\":\"le groupe Stockmeier est une soci\u00e9t\u00e9 de distribution de commodit\u00e9s et de sp\u00e9cialit\u00e9s chimiques au capital 100% familial\",\"publisher\":{\"@id\":\"https:\\\/\\\/www.stockmeier.fr\\\/en\\\/#organization\"},\"potentialAction\":[{\"@type\":\"SearchAction\",\"target\":{\"@type\":\"EntryPoint\",\"urlTemplate\":\"https:\\\/\\\/www.stockmeier.fr\\\/en\\\/?s={search_term_string}\"},\"query-input\":{\"@type\":\"PropertyValueSpecification\",\"valueRequired\":true,\"valueName\":\"search_term_string\"}}],\"inLanguage\":\"en-US\"},{\"@type\":\"Organization\",\"@id\":\"https:\\\/\\\/www.stockmeier.fr\\\/en\\\/#organization\",\"name\":\"STOCKMEIER France\",\"url\":\"https:\\\/\\\/www.stockmeier.fr\\\/en\\\/\",\"logo\":{\"@type\":\"ImageObject\",\"inLanguage\":\"en-US\",\"@id\":\"https:\\\/\\\/www.stockmeier.fr\\\/en\\\/#\\\/schema\\\/logo\\\/image\\\/\",\"url\":\"https:\\\/\\\/www.stockmeier.fr\\\/wp-content\\\/uploads\\\/2022\\\/12\\\/STOCKMEIER_France.png\",\"contentUrl\":\"https:\\\/\\\/www.stockmeier.fr\\\/wp-content\\\/uploads\\\/2022\\\/12\\\/STOCKMEIER_France.png\",\"width\":4725,\"height\":2646,\"caption\":\"STOCKMEIER France\"},\"image\":{\"@id\":\"https:\\\/\\\/www.stockmeier.fr\\\/en\\\/#\\\/schema\\\/logo\\\/image\\\/\"},\"sameAs\":[\"https:\\\/\\\/www.facebook.com\\\/STOCKMEIERGruppe\\\/\"]}]}<\/script>\n<!-- \/ Yoast SEO plugin. -->","yoast_head_json":{"title":"Contact us - STOCKMEIER France","robots":{"index":"index","follow":"follow","max-snippet":"max-snippet:-1","max-image-preview":"max-image-preview:large","max-video-preview":"max-video-preview:-1"},"canonical":"https:\/\/www.stockmeier.fr\/en\/contact-us\/","og_locale":"en_US","og_type":"article","og_title":"Contact us - STOCKMEIER France","og_description":"Contact us","og_url":"https:\/\/www.stockmeier.fr\/en\/contact-us\/","og_site_name":"STOCKMEIER France","article_publisher":"https:\/\/www.facebook.com\/STOCKMEIERGruppe\/","article_modified_time":"2024-01-09T15:01:10+00:00","twitter_card":"summary_large_image","schema":{"@context":"https:\/\/schema.org","@graph":[{"@type":"WebPage","@id":"https:\/\/www.stockmeier.fr\/en\/contact-us\/","url":"https:\/\/www.stockmeier.fr\/en\/contact-us\/","name":"Contact us - STOCKMEIER France","isPartOf":{"@id":"https:\/\/www.stockmeier.fr\/en\/#website"},"datePublished":"2022-09-05T13:23:49+00:00","dateModified":"2024-01-09T15:01:10+00:00","breadcrumb":{"@id":"https:\/\/www.stockmeier.fr\/en\/contact-us\/#breadcrumb"},"inLanguage":"en-US","potentialAction":[{"@type":"ReadAction","target":["https:\/\/www.stockmeier.fr\/en\/contact-us\/"]}]},{"@type":"BreadcrumbList","@id":"https:\/\/www.stockmeier.fr\/en\/contact-us\/#breadcrumb","itemListElement":[{"@type":"ListItem","position":1,"name":"Stockmeier France","item":"https:\/\/www.stockmeier.fr\/en\/homepage\/"},{"@type":"ListItem","position":2,"name":"Contact us"}]},{"@type":"WebSite","@id":"https:\/\/www.stockmeier.fr\/en\/#website","url":"https:\/\/www.stockmeier.fr\/en\/","name":"STOCKMEIER France","description":"le groupe Stockmeier est une soci\u00e9t\u00e9 de distribution de commodit\u00e9s et de sp\u00e9cialit\u00e9s chimiques au capital 100% familial","publisher":{"@id":"https:\/\/www.stockmeier.fr\/en\/#organization"},"potentialAction":[{"@type":"SearchAction","target":{"@type":"EntryPoint","urlTemplate":"https:\/\/www.stockmeier.fr\/en\/?s={search_term_string}"},"query-input":{"@type":"PropertyValueSpecification","valueRequired":true,"valueName":"search_term_string"}}],"inLanguage":"en-US"},{"@type":"Organization","@id":"https:\/\/www.stockmeier.fr\/en\/#organization","name":"STOCKMEIER France","url":"https:\/\/www.stockmeier.fr\/en\/","logo":{"@type":"ImageObject","inLanguage":"en-US","@id":"https:\/\/www.stockmeier.fr\/en\/#\/schema\/logo\/image\/","url":"https:\/\/www.stockmeier.fr\/wp-content\/uploads\/2022\/12\/STOCKMEIER_France.png","contentUrl":"https:\/\/www.stockmeier.fr\/wp-content\/uploads\/2022\/12\/STOCKMEIER_France.png","width":4725,"height":2646,"caption":"STOCKMEIER France"},"image":{"@id":"https:\/\/www.stockmeier.fr\/en\/#\/schema\/logo\/image\/"},"sameAs":["https:\/\/www.facebook.com\/STOCKMEIERGruppe\/"]}]}},"_links":{"self":[{"href":"https:\/\/www.stockmeier.fr\/en\/wp-json\/wp\/v2\/pages\/14042","targetHints":{"allow":["GET"]}}],"collection":[{"href":"https:\/\/www.stockmeier.fr\/en\/wp-json\/wp\/v2\/pages"}],"about":[{"href":"https:\/\/www.stockmeier.fr\/en\/wp-json\/wp\/v2\/types\/page"}],"author":[{"embeddable":true,"href":"https:\/\/www.stockmeier.fr\/en\/wp-json\/wp\/v2\/users\/1"}],"replies":[{"embeddable":true,"href":"https:\/\/www.stockmeier.fr\/en\/wp-json\/wp\/v2\/comments?post=14042"}],"version-history":[{"count":3,"href":"https:\/\/www.stockmeier.fr\/en\/wp-json\/wp\/v2\/pages\/14042\/revisions"}],"predecessor-version":[{"id":14108,"href":"https:\/\/www.stockmeier.fr\/en\/wp-json\/wp\/v2\/pages\/14042\/revisions\/14108"}],"wp:attachment":[{"href":"https:\/\/www.stockmeier.fr\/en\/wp-json\/wp\/v2\/media?parent=14042"}],"curies":[{"name":"wp","href":"https:\/\/api.w.org\/{rel}","templated":true}]}}