{"id":13996,"date":"2022-09-28T11:36:15","date_gmt":"2022-09-28T09:36:15","guid":{"rendered":"https:\/\/www.stockmeier.fr\/our-group\/"},"modified":"2024-02-26T14:52:10","modified_gmt":"2024-02-26T13:52:10","slug":"our-group","status":"publish","type":"page","link":"https:\/\/www.stockmeier.fr\/en\/our-group\/","title":{"rendered":"The Group"},"content":{"rendered":"\t\t<div data-elementor-type=\"wp-page\" data-elementor-id=\"13996\" class=\"elementor elementor-13996 elementor-1748\" data-elementor-post-type=\"page\">\n\t\t\t\t\t\t<section class=\"elementor-section elementor-top-section elementor-element elementor-element-1b9f3211 elm_breadcrumb elementor-section-boxed elementor-section-height-default elementor-section-height-default\" data-id=\"1b9f3211\" data-element_type=\"section\" data-e-type=\"section\">\n\t\t\t\t\t\t<div class=\"elementor-container elementor-column-gap-no\">\n\t\t\t\t\t<div class=\"elementor-column elementor-col-100 elementor-top-column elementor-element elementor-element-14b82cb1\" data-id=\"14b82cb1\" data-element_type=\"column\" data-e-type=\"column\">\n\t\t\t<div class=\"elementor-widget-wrap elementor-element-populated\">\n\t\t\t\t\t\t<div class=\"elementor-element elementor-element-47074081 elementor-widget elementor-widget-breadcrumbs\" data-id=\"47074081\" data-element_type=\"widget\" data-e-type=\"widget\" data-widget_type=\"breadcrumbs.default\">\n\t\t\t\t<div class=\"elementor-widget-container\">\n\t\t\t\t\t<p id=\"breadcrumbs\"><span><span><a href=\"https:\/\/www.stockmeier.fr\/en\/homepage\/\">Stockmeier France<\/a><\/span><\/span><\/p>\t\t\t\t<\/div>\n\t\t\t\t<\/div>\n\t\t\t\t\t<\/div>\n\t\t<\/div>\n\t\t\t\t\t<\/div>\n\t\t<\/section>\n\t\t\t\t<section class=\"elementor-section elementor-top-section elementor-element elementor-element-a824ea7 elementor-section-boxed elementor-section-height-default elementor-section-height-default\" data-id=\"a824ea7\" data-element_type=\"section\" data-e-type=\"section\">\n\t\t\t\t\t\t<div class=\"elementor-container elementor-column-gap-no\">\n\t\t\t\t\t<div class=\"elementor-column elementor-col-50 elementor-top-column elementor-element elementor-element-919314b\" data-id=\"919314b\" data-element_type=\"column\" data-e-type=\"column\">\n\t\t\t<div class=\"elementor-widget-wrap elementor-element-populated\">\n\t\t\t\t\t\t<div class=\"elementor-element elementor-element-9bc8017 h1_like elementor-widget elementor-widget-text-editor\" data-id=\"9bc8017\" data-element_type=\"widget\" data-e-type=\"widget\" data-widget_type=\"text-editor.default\">\n\t\t\t\t<div class=\"elementor-widget-container\">\n\t\t\t\t\t\t\t\t\t<p>The STOCKMEIER Group<\/p>\n\t\t\t\t\t\t\t\t<\/div>\n\t\t\t\t<\/div>\n\t\t\t\t<div class=\"elementor-element elementor-element-80c9951 elementor-widget elementor-widget-text-editor\" data-id=\"80c9951\" data-element_type=\"widget\" data-e-type=\"widget\" data-widget_type=\"text-editor.default\">\n\t\t\t\t<div class=\"elementor-widget-container\">\n\t\t\t\t\t\t\t\t\t<p>Founded in 1920 in Bielefeld (Germany), the STOCKMEIER Group has become one of Europe&#8217;s leading distributors and formulators of chemical products for most industrial sectors.<\/p>\n<p>Still a 100% family-run business, the Group&#8217;s founding values are still at work: success is measured over time, and this principle applies equally to relations with customers, suppliers and employees.<\/p>\n<p>Thanks to constant growth, the STOCKMEIER Group has become a partner to Europe&#8217;s leading manufacturers and industrial companies.<\/p>\n\t\t\t\t\t\t\t\t<\/div>\n\t\t\t\t<\/div>\n\t\t\t\t<section class=\"elementor-section elementor-inner-section elementor-element elementor-element-953524d elementor-section-full_width groupe_chiffres elementor-section-height-default elementor-section-height-default\" data-id=\"953524d\" data-element_type=\"section\" data-e-type=\"section\">\n\t\t\t\t\t\t<div class=\"elementor-container elementor-column-gap-no\">\n\t\t\t\t\t<div class=\"elementor-column elementor-col-33 elementor-inner-column elementor-element elementor-element-afcbad7\" data-id=\"afcbad7\" data-element_type=\"column\" data-e-type=\"column\" data-settings=\"{&quot;background_background&quot;:&quot;classic&quot;}\">\n\t\t\t<div class=\"elementor-widget-wrap elementor-element-populated\">\n\t\t\t\t\t\t<div class=\"elementor-element elementor-element-97e8668 elementor-widget elementor-widget-text-editor\" data-id=\"97e8668\" data-element_type=\"widget\" data-e-type=\"widget\" data-widget_type=\"text-editor.default\">\n\t\t\t\t<div class=\"elementor-widget-container\">\n\t\t\t\t\t\t\t\t\t<p><span style=\"font-family: Bitter, serif;\"><br \/>\n  <span style=\"font-size: 40px;\"><br \/>\n    <b>2,1 <\/b><br \/>\n  <\/span><br \/>\n<\/span> bn sales<\/p>\n\t\t\t\t\t\t\t\t<\/div>\n\t\t\t\t<\/div>\n\t\t\t\t\t<\/div>\n\t\t<\/div>\n\t\t\t\t<div class=\"elementor-column elementor-col-33 elementor-inner-column elementor-element elementor-element-5b2bfa8\" data-id=\"5b2bfa8\" data-element_type=\"column\" data-e-type=\"column\" data-settings=\"{&quot;background_background&quot;:&quot;classic&quot;}\">\n\t\t\t<div class=\"elementor-widget-wrap elementor-element-populated\">\n\t\t\t\t\t\t<div class=\"elementor-element elementor-element-5c5a94b elementor-widget elementor-widget-text-editor\" data-id=\"5c5a94b\" data-element_type=\"widget\" data-e-type=\"widget\" data-widget_type=\"text-editor.default\">\n\t\t\t\t<div class=\"elementor-widget-container\">\n\t\t\t\t\t\t\t\t\t<p><strong>2000<\/strong> employees<\/p>\n\t\t\t\t\t\t\t\t<\/div>\n\t\t\t\t<\/div>\n\t\t\t\t\t<\/div>\n\t\t<\/div>\n\t\t\t\t<div class=\"elementor-column elementor-col-33 elementor-inner-column elementor-element elementor-element-79168b1\" data-id=\"79168b1\" data-element_type=\"column\" data-e-type=\"column\" data-settings=\"{&quot;background_background&quot;:&quot;classic&quot;}\">\n\t\t\t<div class=\"elementor-widget-wrap elementor-element-populated\">\n\t\t\t\t\t\t<div class=\"elementor-element elementor-element-0df60a9 elementor-widget elementor-widget-text-editor\" data-id=\"0df60a9\" data-element_type=\"widget\" data-e-type=\"widget\" data-widget_type=\"text-editor.default\">\n\t\t\t\t<div class=\"elementor-widget-container\">\n\t\t\t\t\t\t\t\t\t<p><strong>2,200,000<\/strong> To sold<\/p>\n\t\t\t\t\t\t\t\t<\/div>\n\t\t\t\t<\/div>\n\t\t\t\t\t<\/div>\n\t\t<\/div>\n\t\t\t\t\t<\/div>\n\t\t<\/section>\n\t\t\t\t\t<\/div>\n\t\t<\/div>\n\t\t\t\t<div class=\"elementor-column elementor-col-50 elementor-top-column elementor-element elementor-element-2f2bb28\" data-id=\"2f2bb28\" data-element_type=\"column\" data-e-type=\"column\">\n\t\t\t<div class=\"elementor-widget-wrap elementor-element-populated\">\n\t\t\t\t\t\t<div class=\"elementor-element elementor-element-1dda33f elementor-widget elementor-widget-image\" data-id=\"1dda33f\" data-element_type=\"widget\" data-e-type=\"widget\" data-widget_type=\"image.default\">\n\t\t\t\t<div class=\"elementor-widget-container\">\n\t\t\t\t\t\t\t\t\t\t\t\t\t\t\t<img fetchpriority=\"high\" decoding=\"async\" width=\"893\" height=\"729\" src=\"https:\/\/www.stockmeier.fr\/wp-content\/uploads\/2023\/09\/2019-07-CARTE-IMPLANTATIONS-STOCKMEIER-avec-Italie-sans-Russie.png\" class=\"attachment-full size-full wp-image-12516\" alt=\"\" srcset=\"https:\/\/www.stockmeier.fr\/wp-content\/uploads\/2023\/09\/2019-07-CARTE-IMPLANTATIONS-STOCKMEIER-avec-Italie-sans-Russie.png 893w, https:\/\/www.stockmeier.fr\/wp-content\/uploads\/2023\/09\/2019-07-CARTE-IMPLANTATIONS-STOCKMEIER-avec-Italie-sans-Russie-300x245.png 300w, https:\/\/www.stockmeier.fr\/wp-content\/uploads\/2023\/09\/2019-07-CARTE-IMPLANTATIONS-STOCKMEIER-avec-Italie-sans-Russie-768x627.png 768w\" sizes=\"(max-width: 893px) 100vw, 893px\" \/>\t\t\t\t\t\t\t\t\t\t\t\t\t\t\t<\/div>\n\t\t\t\t<\/div>\n\t\t\t\t\t<\/div>\n\t\t<\/div>\n\t\t\t\t\t<\/div>\n\t\t<\/section>\n\t\t\t\t<section class=\"elementor-section elementor-top-section elementor-element elementor-element-9ee8e82 elementor-section-full_width elementor-section-height-default elementor-section-height-default\" data-id=\"9ee8e82\" data-element_type=\"section\" data-e-type=\"section\" data-settings=\"{&quot;background_background&quot;:&quot;classic&quot;}\">\n\t\t\t\t\t\t<div class=\"elementor-container elementor-column-gap-no\">\n\t\t\t\t\t<div class=\"elementor-column elementor-col-100 elementor-top-column elementor-element elementor-element-a574d78\" data-id=\"a574d78\" data-element_type=\"column\" data-e-type=\"column\">\n\t\t\t<div class=\"elementor-widget-wrap elementor-element-populated\">\n\t\t\t\t\t\t<section class=\"elementor-section elementor-inner-section elementor-element elementor-element-092d7da groupe_count elementor-section-boxed elementor-section-height-default elementor-section-height-default\" data-id=\"092d7da\" data-element_type=\"section\" data-e-type=\"section\">\n\t\t\t\t\t\t<div class=\"elementor-container elementor-column-gap-no\">\n\t\t\t\t\t<div class=\"elementor-column elementor-col-33 elementor-inner-column elementor-element elementor-element-885172c groupe_count_item\" data-id=\"885172c\" data-element_type=\"column\" data-e-type=\"column\">\n\t\t\t<div class=\"elementor-widget-wrap elementor-element-populated\">\n\t\t\t\t\t\t<div class=\"elementor-element elementor-element-72a064f elementor-widget elementor-widget-counter\" data-id=\"72a064f\" data-element_type=\"widget\" data-e-type=\"widget\" data-widget_type=\"counter.default\">\n\t\t\t\t<div class=\"elementor-widget-container\">\n\t\t\t\t\t\t\t<div class=\"elementor-counter\">\n\t\t\t<div class=\"elementor-counter-title\">sites worldwide<\/div>\t\t\t<div class=\"elementor-counter-number-wrapper\">\n\t\t\t\t<span class=\"elementor-counter-number-prefix\"><\/span>\n\t\t\t\t<span class=\"elementor-counter-number\" data-duration=\"2000\" data-to-value=\"55\" data-from-value=\"0\" data-delimiter=\",\">0<\/span>\n\t\t\t\t<span class=\"elementor-counter-number-suffix\"><\/span>\n\t\t\t<\/div>\n\t\t<\/div>\n\t\t\t\t\t\t<\/div>\n\t\t\t\t<\/div>\n\t\t\t\t\t<\/div>\n\t\t<\/div>\n\t\t\t\t<div class=\"elementor-column elementor-col-33 elementor-inner-column elementor-element elementor-element-f003682 groupe_count_item\" data-id=\"f003682\" data-element_type=\"column\" data-e-type=\"column\">\n\t\t\t<div class=\"elementor-widget-wrap elementor-element-populated\">\n\t\t\t\t\t\t<div class=\"elementor-element elementor-element-59c454d elementor-widget elementor-widget-counter\" data-id=\"59c454d\" data-element_type=\"widget\" data-e-type=\"widget\" data-widget_type=\"counter.default\">\n\t\t\t\t<div class=\"elementor-widget-container\">\n\t\t\t\t\t\t\t<div class=\"elementor-counter\">\n\t\t\t<div class=\"elementor-counter-title\">sites in Europe<\/div>\t\t\t<div class=\"elementor-counter-number-wrapper\">\n\t\t\t\t<span class=\"elementor-counter-number-prefix\"><\/span>\n\t\t\t\t<span class=\"elementor-counter-number\" data-duration=\"2000\" data-to-value=\"53\" data-from-value=\"0\" data-delimiter=\",\">0<\/span>\n\t\t\t\t<span class=\"elementor-counter-number-suffix\"><\/span>\n\t\t\t<\/div>\n\t\t<\/div>\n\t\t\t\t\t\t<\/div>\n\t\t\t\t<\/div>\n\t\t\t\t\t<\/div>\n\t\t<\/div>\n\t\t\t\t<div class=\"elementor-column elementor-col-33 elementor-inner-column elementor-element elementor-element-386b612 groupe_count_item\" data-id=\"386b612\" data-element_type=\"column\" data-e-type=\"column\">\n\t\t\t<div class=\"elementor-widget-wrap elementor-element-populated\">\n\t\t\t\t\t\t<div class=\"elementor-element elementor-element-6bcb10f elementor-widget elementor-widget-counter\" data-id=\"6bcb10f\" data-element_type=\"widget\" data-e-type=\"widget\" data-widget_type=\"counter.default\">\n\t\t\t\t<div class=\"elementor-widget-container\">\n\t\t\t\t\t\t\t<div class=\"elementor-counter\">\n\t\t\t<div class=\"elementor-counter-title\">sites in Germany<\/div>\t\t\t<div class=\"elementor-counter-number-wrapper\">\n\t\t\t\t<span class=\"elementor-counter-number-prefix\"><\/span>\n\t\t\t\t<span class=\"elementor-counter-number\" data-duration=\"2000\" data-to-value=\"22\" data-from-value=\"0\" data-delimiter=\",\">0<\/span>\n\t\t\t\t<span class=\"elementor-counter-number-suffix\"><\/span>\n\t\t\t<\/div>\n\t\t<\/div>\n\t\t\t\t\t\t<\/div>\n\t\t\t\t<\/div>\n\t\t\t\t\t<\/div>\n\t\t<\/div>\n\t\t\t\t\t<\/div>\n\t\t<\/section>\n\t\t\t\t\t<\/div>\n\t\t<\/div>\n\t\t\t\t\t<\/div>\n\t\t<\/section>\n\t\t\t\t<section class=\"elementor-section elementor-top-section elementor-element elementor-element-56926041 elementor-section-full_width elm_seo elementor-section-height-default elementor-section-height-default\" data-id=\"56926041\" data-element_type=\"section\" data-e-type=\"section\" data-settings=\"{&quot;background_background&quot;:&quot;classic&quot;}\">\n\t\t\t\t\t\t<div class=\"elementor-container elementor-column-gap-no\">\n\t\t\t\t\t<div class=\"elementor-column elementor-col-100 elementor-top-column elementor-element elementor-element-1bbde273\" data-id=\"1bbde273\" data-element_type=\"column\" data-e-type=\"column\">\n\t\t\t<div class=\"elementor-widget-wrap elementor-element-populated\">\n\t\t\t\t\t\t<section class=\"elementor-section elementor-inner-section elementor-element elementor-element-578f14e6 elementor-section-boxed elementor-section-height-default elementor-section-height-default\" data-id=\"578f14e6\" data-element_type=\"section\" data-e-type=\"section\">\n\t\t\t\t\t\t<div class=\"elementor-container elementor-column-gap-no\">\n\t\t\t\t\t<div class=\"elementor-column elementor-col-100 elementor-inner-column elementor-element elementor-element-7614bf57\" data-id=\"7614bf57\" data-element_type=\"column\" data-e-type=\"column\">\n\t\t\t<div class=\"elementor-widget-wrap elementor-element-populated\">\n\t\t\t\t\t\t<div class=\"elementor-element elementor-element-45690f83 elementor-widget elementor-widget-image\" data-id=\"45690f83\" data-element_type=\"widget\" data-e-type=\"widget\" data-widget_type=\"image.default\">\n\t\t\t\t<div class=\"elementor-widget-container\">\n\t\t\t\t\t\t\t\t\t\t\t\t\t\t\t<img decoding=\"async\" data-src=\"https:\/\/www.stockmeier.fr\/wp-content\/uploads\/2022\/09\/logo-rounded-orange.svg\" title=\"logo-rounded-orange\" alt=\"logo-rounded-orange\" src=\"data:image\/svg+xml;base64,PHN2ZyB3aWR0aD0iMSIgaGVpZ2h0PSIxIiB4bWxucz0iaHR0cDovL3d3dy53My5vcmcvMjAwMC9zdmciPjwvc3ZnPg==\" class=\"lazyload\" \/>\t\t\t\t\t\t\t\t\t\t\t\t\t\t\t<\/div>\n\t\t\t\t<\/div>\n\t\t\t\t<div class=\"elementor-element elementor-element-e059d6d h1_like elementor-widget elementor-widget-text-editor\" data-id=\"e059d6d\" data-element_type=\"widget\" data-e-type=\"widget\" data-widget_type=\"text-editor.default\">\n\t\t\t\t<div class=\"elementor-widget-container\">\n\t\t\t\t\t\t\t\t\t<p>STOCKMEIER Group<\/p>\n\t\t\t\t\t\t\t\t<\/div>\n\t\t\t\t<\/div>\n\t\t\t\t<div class=\"elementor-element elementor-element-3920eae2 elementor-widget elementor-widget-text-editor\" data-id=\"3920eae2\" data-element_type=\"widget\" data-e-type=\"widget\" data-widget_type=\"text-editor.default\">\n\t\t\t\t<div class=\"elementor-widget-container\">\n\t\t\t\t\t\t\t\t\t<p id=\"tw-target-text\" class=\"tw-data-text tw-text-large tw-ta\" dir=\"ltr\" data-placeholder=\"Traduction\"><span class=\"Y2IQFc\" lang=\"fr\">The STOCKMEIER Group has been a family business for three generations. In 100 years, it has grown from a regional trading company to an international group with over 2,000 employees and more than 55 sites worldwide. Today, the STOCKMEIER Group comprises companies active in the production and distribution of chemical products and services. In all, over 26,000 products are manufactured and sold to more than 30,000 customers worldwide. This size and capacity are inextricably linked to the greatest individuality in our relationships with customers and producers. All STOCKMEIER Group companies are recognized specialists in their field. One thing they all have in common is an enthusiasm for their specific roles and responsibilities.<\/span><\/p>\n\t\t\t\t\t\t\t\t<\/div>\n\t\t\t\t<\/div>\n\t\t\t\t\t<\/div>\n\t\t<\/div>\n\t\t\t\t\t<\/div>\n\t\t<\/section>\n\t\t\t\t\t<\/div>\n\t\t<\/div>\n\t\t\t\t\t<\/div>\n\t\t<\/section>\n\t\t\t\t<\/div>\n\t\t","protected":false},"excerpt":{"rendered":"<p>The STOCKMEIER Group Founded in 1920 in Bielefeld (Germany), the STOCKMEIER Group has become one of Europe&#8217;s leading distributors and formulators of chemical products for most industrial sectors. Still a 100% family-run business, the Group&#8217;s founding values are still at work: success is measured over time, and this principle applies equally to relations with customers, [&hellip;]<\/p>\n","protected":false},"author":1,"featured_media":0,"parent":0,"menu_order":0,"comment_status":"closed","ping_status":"closed","template":"","meta":{"_acf_changed":false,"inline_featured_image":false,"footnotes":""},"class_list":["post-13996","page","type-page","status-publish","hentry"],"acf":[],"yoast_head":"<!-- This site is optimized with the Yoast SEO plugin v27.3 - https:\/\/yoast.com\/product\/yoast-seo-wordpress\/ -->\n<title>The Group - STOCKMEIER France<\/title>\n<meta name=\"robots\" content=\"index, follow, max-snippet:-1, max-image-preview:large, max-video-preview:-1\" \/>\n<link rel=\"canonical\" href=\"https:\/\/www.stockmeier.fr\/en\/our-group\/\" \/>\n<meta property=\"og:locale\" content=\"en_US\" \/>\n<meta property=\"og:type\" content=\"article\" \/>\n<meta property=\"og:title\" content=\"The Group - STOCKMEIER France\" \/>\n<meta property=\"og:description\" content=\"The STOCKMEIER Group Founded in 1920 in Bielefeld (Germany), the STOCKMEIER Group has become one of Europe&#8217;s leading distributors and formulators of chemical products for most industrial sectors. Still a 100% family-run business, the Group&#8217;s founding values are still at work: success is measured over time, and this principle applies equally to relations with customers, [&hellip;]\" \/>\n<meta property=\"og:url\" content=\"https:\/\/www.stockmeier.fr\/en\/our-group\/\" \/>\n<meta property=\"og:site_name\" content=\"STOCKMEIER France\" \/>\n<meta property=\"article:publisher\" content=\"https:\/\/www.facebook.com\/STOCKMEIERGruppe\/\" \/>\n<meta property=\"article:modified_time\" content=\"2024-02-26T13:52:10+00:00\" \/>\n<meta property=\"og:image\" content=\"https:\/\/www.stockmeier.fr\/wp-content\/uploads\/2023\/09\/2019-07-CARTE-IMPLANTATIONS-STOCKMEIER-avec-Italie-sans-Russie.png\" \/>\n<meta name=\"twitter:card\" content=\"summary_large_image\" \/>\n<meta name=\"twitter:label1\" content=\"Est. reading time\" \/>\n\t<meta name=\"twitter:data1\" content=\"1 minute\" \/>\n<script type=\"application\/ld+json\" class=\"yoast-schema-graph\">{\"@context\":\"https:\\\/\\\/schema.org\",\"@graph\":[{\"@type\":\"WebPage\",\"@id\":\"https:\\\/\\\/www.stockmeier.fr\\\/en\\\/our-group\\\/\",\"url\":\"https:\\\/\\\/www.stockmeier.fr\\\/en\\\/our-group\\\/\",\"name\":\"The Group - STOCKMEIER France\",\"isPartOf\":{\"@id\":\"https:\\\/\\\/www.stockmeier.fr\\\/en\\\/#website\"},\"primaryImageOfPage\":{\"@id\":\"https:\\\/\\\/www.stockmeier.fr\\\/en\\\/our-group\\\/#primaryimage\"},\"image\":{\"@id\":\"https:\\\/\\\/www.stockmeier.fr\\\/en\\\/our-group\\\/#primaryimage\"},\"thumbnailUrl\":\"https:\\\/\\\/www.stockmeier.fr\\\/wp-content\\\/uploads\\\/2023\\\/09\\\/2019-07-CARTE-IMPLANTATIONS-STOCKMEIER-avec-Italie-sans-Russie.png\",\"datePublished\":\"2022-09-28T09:36:15+00:00\",\"dateModified\":\"2024-02-26T13:52:10+00:00\",\"breadcrumb\":{\"@id\":\"https:\\\/\\\/www.stockmeier.fr\\\/en\\\/our-group\\\/#breadcrumb\"},\"inLanguage\":\"en-US\",\"potentialAction\":[{\"@type\":\"ReadAction\",\"target\":[\"https:\\\/\\\/www.stockmeier.fr\\\/en\\\/our-group\\\/\"]}]},{\"@type\":\"ImageObject\",\"inLanguage\":\"en-US\",\"@id\":\"https:\\\/\\\/www.stockmeier.fr\\\/en\\\/our-group\\\/#primaryimage\",\"url\":\"https:\\\/\\\/www.stockmeier.fr\\\/wp-content\\\/uploads\\\/2023\\\/09\\\/2019-07-CARTE-IMPLANTATIONS-STOCKMEIER-avec-Italie-sans-Russie.png\",\"contentUrl\":\"https:\\\/\\\/www.stockmeier.fr\\\/wp-content\\\/uploads\\\/2023\\\/09\\\/2019-07-CARTE-IMPLANTATIONS-STOCKMEIER-avec-Italie-sans-Russie.png\"},{\"@type\":\"BreadcrumbList\",\"@id\":\"https:\\\/\\\/www.stockmeier.fr\\\/en\\\/our-group\\\/#breadcrumb\",\"itemListElement\":[{\"@type\":\"ListItem\",\"position\":1,\"name\":\"Stockmeier France\",\"item\":\"https:\\\/\\\/www.stockmeier.fr\\\/en\\\/homepage\\\/\"},{\"@type\":\"ListItem\",\"position\":2,\"name\":\"The Group\"}]},{\"@type\":\"WebSite\",\"@id\":\"https:\\\/\\\/www.stockmeier.fr\\\/en\\\/#website\",\"url\":\"https:\\\/\\\/www.stockmeier.fr\\\/en\\\/\",\"name\":\"STOCKMEIER France\",\"description\":\"le groupe Stockmeier est une soci\u00e9t\u00e9 de distribution de commodit\u00e9s et de sp\u00e9cialit\u00e9s chimiques au capital 100% familial\",\"publisher\":{\"@id\":\"https:\\\/\\\/www.stockmeier.fr\\\/en\\\/#organization\"},\"potentialAction\":[{\"@type\":\"SearchAction\",\"target\":{\"@type\":\"EntryPoint\",\"urlTemplate\":\"https:\\\/\\\/www.stockmeier.fr\\\/en\\\/?s={search_term_string}\"},\"query-input\":{\"@type\":\"PropertyValueSpecification\",\"valueRequired\":true,\"valueName\":\"search_term_string\"}}],\"inLanguage\":\"en-US\"},{\"@type\":\"Organization\",\"@id\":\"https:\\\/\\\/www.stockmeier.fr\\\/en\\\/#organization\",\"name\":\"STOCKMEIER France\",\"url\":\"https:\\\/\\\/www.stockmeier.fr\\\/en\\\/\",\"logo\":{\"@type\":\"ImageObject\",\"inLanguage\":\"en-US\",\"@id\":\"https:\\\/\\\/www.stockmeier.fr\\\/en\\\/#\\\/schema\\\/logo\\\/image\\\/\",\"url\":\"https:\\\/\\\/www.stockmeier.fr\\\/wp-content\\\/uploads\\\/2022\\\/12\\\/STOCKMEIER_France.png\",\"contentUrl\":\"https:\\\/\\\/www.stockmeier.fr\\\/wp-content\\\/uploads\\\/2022\\\/12\\\/STOCKMEIER_France.png\",\"width\":4725,\"height\":2646,\"caption\":\"STOCKMEIER France\"},\"image\":{\"@id\":\"https:\\\/\\\/www.stockmeier.fr\\\/en\\\/#\\\/schema\\\/logo\\\/image\\\/\"},\"sameAs\":[\"https:\\\/\\\/www.facebook.com\\\/STOCKMEIERGruppe\\\/\"]}]}<\/script>\n<!-- \/ Yoast SEO plugin. -->","yoast_head_json":{"title":"The Group - STOCKMEIER France","robots":{"index":"index","follow":"follow","max-snippet":"max-snippet:-1","max-image-preview":"max-image-preview:large","max-video-preview":"max-video-preview:-1"},"canonical":"https:\/\/www.stockmeier.fr\/en\/our-group\/","og_locale":"en_US","og_type":"article","og_title":"The Group - STOCKMEIER France","og_description":"The STOCKMEIER Group Founded in 1920 in Bielefeld (Germany), the STOCKMEIER Group has become one of Europe&#8217;s leading distributors and formulators of chemical products for most industrial sectors. Still a 100% family-run business, the Group&#8217;s founding values are still at work: success is measured over time, and this principle applies equally to relations with customers, [&hellip;]","og_url":"https:\/\/www.stockmeier.fr\/en\/our-group\/","og_site_name":"STOCKMEIER France","article_publisher":"https:\/\/www.facebook.com\/STOCKMEIERGruppe\/","article_modified_time":"2024-02-26T13:52:10+00:00","og_image":[{"url":"https:\/\/www.stockmeier.fr\/wp-content\/uploads\/2023\/09\/2019-07-CARTE-IMPLANTATIONS-STOCKMEIER-avec-Italie-sans-Russie.png","type":"","width":"","height":""}],"twitter_card":"summary_large_image","twitter_misc":{"Est. reading time":"1 minute"},"schema":{"@context":"https:\/\/schema.org","@graph":[{"@type":"WebPage","@id":"https:\/\/www.stockmeier.fr\/en\/our-group\/","url":"https:\/\/www.stockmeier.fr\/en\/our-group\/","name":"The Group - STOCKMEIER France","isPartOf":{"@id":"https:\/\/www.stockmeier.fr\/en\/#website"},"primaryImageOfPage":{"@id":"https:\/\/www.stockmeier.fr\/en\/our-group\/#primaryimage"},"image":{"@id":"https:\/\/www.stockmeier.fr\/en\/our-group\/#primaryimage"},"thumbnailUrl":"https:\/\/www.stockmeier.fr\/wp-content\/uploads\/2023\/09\/2019-07-CARTE-IMPLANTATIONS-STOCKMEIER-avec-Italie-sans-Russie.png","datePublished":"2022-09-28T09:36:15+00:00","dateModified":"2024-02-26T13:52:10+00:00","breadcrumb":{"@id":"https:\/\/www.stockmeier.fr\/en\/our-group\/#breadcrumb"},"inLanguage":"en-US","potentialAction":[{"@type":"ReadAction","target":["https:\/\/www.stockmeier.fr\/en\/our-group\/"]}]},{"@type":"ImageObject","inLanguage":"en-US","@id":"https:\/\/www.stockmeier.fr\/en\/our-group\/#primaryimage","url":"https:\/\/www.stockmeier.fr\/wp-content\/uploads\/2023\/09\/2019-07-CARTE-IMPLANTATIONS-STOCKMEIER-avec-Italie-sans-Russie.png","contentUrl":"https:\/\/www.stockmeier.fr\/wp-content\/uploads\/2023\/09\/2019-07-CARTE-IMPLANTATIONS-STOCKMEIER-avec-Italie-sans-Russie.png"},{"@type":"BreadcrumbList","@id":"https:\/\/www.stockmeier.fr\/en\/our-group\/#breadcrumb","itemListElement":[{"@type":"ListItem","position":1,"name":"Stockmeier France","item":"https:\/\/www.stockmeier.fr\/en\/homepage\/"},{"@type":"ListItem","position":2,"name":"The Group"}]},{"@type":"WebSite","@id":"https:\/\/www.stockmeier.fr\/en\/#website","url":"https:\/\/www.stockmeier.fr\/en\/","name":"STOCKMEIER France","description":"le groupe Stockmeier est une soci\u00e9t\u00e9 de distribution de commodit\u00e9s et de sp\u00e9cialit\u00e9s chimiques au capital 100% familial","publisher":{"@id":"https:\/\/www.stockmeier.fr\/en\/#organization"},"potentialAction":[{"@type":"SearchAction","target":{"@type":"EntryPoint","urlTemplate":"https:\/\/www.stockmeier.fr\/en\/?s={search_term_string}"},"query-input":{"@type":"PropertyValueSpecification","valueRequired":true,"valueName":"search_term_string"}}],"inLanguage":"en-US"},{"@type":"Organization","@id":"https:\/\/www.stockmeier.fr\/en\/#organization","name":"STOCKMEIER France","url":"https:\/\/www.stockmeier.fr\/en\/","logo":{"@type":"ImageObject","inLanguage":"en-US","@id":"https:\/\/www.stockmeier.fr\/en\/#\/schema\/logo\/image\/","url":"https:\/\/www.stockmeier.fr\/wp-content\/uploads\/2022\/12\/STOCKMEIER_France.png","contentUrl":"https:\/\/www.stockmeier.fr\/wp-content\/uploads\/2022\/12\/STOCKMEIER_France.png","width":4725,"height":2646,"caption":"STOCKMEIER France"},"image":{"@id":"https:\/\/www.stockmeier.fr\/en\/#\/schema\/logo\/image\/"},"sameAs":["https:\/\/www.facebook.com\/STOCKMEIERGruppe\/"]}]}},"_links":{"self":[{"href":"https:\/\/www.stockmeier.fr\/en\/wp-json\/wp\/v2\/pages\/13996","targetHints":{"allow":["GET"]}}],"collection":[{"href":"https:\/\/www.stockmeier.fr\/en\/wp-json\/wp\/v2\/pages"}],"about":[{"href":"https:\/\/www.stockmeier.fr\/en\/wp-json\/wp\/v2\/types\/page"}],"author":[{"embeddable":true,"href":"https:\/\/www.stockmeier.fr\/en\/wp-json\/wp\/v2\/users\/1"}],"replies":[{"embeddable":true,"href":"https:\/\/www.stockmeier.fr\/en\/wp-json\/wp\/v2\/comments?post=13996"}],"version-history":[{"count":7,"href":"https:\/\/www.stockmeier.fr\/en\/wp-json\/wp\/v2\/pages\/13996\/revisions"}],"predecessor-version":[{"id":15941,"href":"https:\/\/www.stockmeier.fr\/en\/wp-json\/wp\/v2\/pages\/13996\/revisions\/15941"}],"wp:attachment":[{"href":"https:\/\/www.stockmeier.fr\/en\/wp-json\/wp\/v2\/media?parent=13996"}],"curies":[{"name":"wp","href":"https:\/\/api.w.org\/{rel}","templated":true}]}}