{"id":13967,"date":"2022-10-24T14:16:03","date_gmt":"2022-10-24T12:16:03","guid":{"rendered":"https:\/\/www.stockmeier.fr\/stockmeier-job-offers\/"},"modified":"2026-01-16T16:50:12","modified_gmt":"2026-01-16T15:50:12","slug":"stockmeier-job-offers","status":"publish","type":"page","link":"https:\/\/www.stockmeier.fr\/en\/work-for-us\/stockmeier-job-offers\/","title":{"rendered":"Jobs Stockmeier"},"content":{"rendered":"\t\t<div data-elementor-type=\"wp-page\" data-elementor-id=\"13967\" class=\"elementor elementor-13967 elementor-3996\" data-elementor-post-type=\"page\">\n\t\t\t\t\t\t<section class=\"elementor-section elementor-top-section elementor-element elementor-element-666dde64 elementor-section-full_width elementor-section-height-default elementor-section-height-default\" data-id=\"666dde64\" data-element_type=\"section\" data-e-type=\"section\">\n\t\t\t\t\t\t<div class=\"elementor-container elementor-column-gap-no\">\n\t\t\t\t\t<div class=\"elementor-column elementor-col-100 elementor-top-column elementor-element elementor-element-1d1afcda\" data-id=\"1d1afcda\" data-element_type=\"column\" data-e-type=\"column\">\n\t\t\t<div class=\"elementor-widget-wrap elementor-element-populated\">\n\t\t\t\t\t\t<div class=\"elementor-element elementor-element-5e3739a4 elementor-widget elementor-widget-spacer\" data-id=\"5e3739a4\" data-element_type=\"widget\" data-e-type=\"widget\" data-widget_type=\"spacer.default\">\n\t\t\t\t<div class=\"elementor-widget-container\">\n\t\t\t\t\t\t\t<div class=\"elementor-spacer\">\n\t\t\t<div class=\"elementor-spacer-inner\"><\/div>\n\t\t<\/div>\n\t\t\t\t\t\t<\/div>\n\t\t\t\t<\/div>\n\t\t\t\t\t<\/div>\n\t\t<\/div>\n\t\t\t\t\t<\/div>\n\t\t<\/section>\n\t\t\t\t<section class=\"elementor-section elementor-top-section elementor-element elementor-element-22d5b7bf elementor-section-boxed elementor-section-height-default elementor-section-height-default\" data-id=\"22d5b7bf\" data-element_type=\"section\" data-e-type=\"section\">\n\t\t\t\t\t\t<div class=\"elementor-container elementor-column-gap-no\">\n\t\t\t\t\t<div class=\"elementor-column elementor-col-100 elementor-top-column elementor-element elementor-element-3bf12cf9\" data-id=\"3bf12cf9\" data-element_type=\"column\" data-e-type=\"column\">\n\t\t\t<div class=\"elementor-widget-wrap elementor-element-populated\">\n\t\t\t\t\t\t<div class=\"elementor-element elementor-element-35f520b h1_like elementor-widget elementor-widget-text-editor\" data-id=\"35f520b\" data-element_type=\"widget\" data-e-type=\"widget\" data-widget_type=\"text-editor.default\">\n\t\t\t\t<div class=\"elementor-widget-container\">\n\t\t\t\t\t\t\t\t\t<p>Our job offers<\/p>\t\t\t\t\t\t\t\t<\/div>\n\t\t\t\t<\/div>\n\t\t\t\t\t<\/div>\n\t\t<\/div>\n\t\t\t\t\t<\/div>\n\t\t<\/section>\n\t\t\t\t<section class=\"elementor-section elementor-top-section elementor-element elementor-element-974e98d elementor-section-full_width elementor-section-height-default elementor-section-height-default\" data-id=\"974e98d\" data-element_type=\"section\" data-e-type=\"section\">\n\t\t\t\t\t\t<div class=\"elementor-container elementor-column-gap-no\">\n\t\t\t\t\t<div class=\"elementor-column elementor-col-100 elementor-top-column elementor-element elementor-element-c660cca\" data-id=\"c660cca\" data-element_type=\"column\" data-e-type=\"column\">\n\t\t\t<div class=\"elementor-widget-wrap elementor-element-populated\">\n\t\t\t\t\t\t<div class=\"elementor-element elementor-element-ca0d0f3 elementor-widget elementor-widget-spacer\" data-id=\"ca0d0f3\" data-element_type=\"widget\" data-e-type=\"widget\" data-widget_type=\"spacer.default\">\n\t\t\t\t<div class=\"elementor-widget-container\">\n\t\t\t\t\t\t\t<div class=\"elementor-spacer\">\n\t\t\t<div class=\"elementor-spacer-inner\"><\/div>\n\t\t<\/div>\n\t\t\t\t\t\t<\/div>\n\t\t\t\t<\/div>\n\t\t\t\t\t<\/div>\n\t\t<\/div>\n\t\t\t\t\t<\/div>\n\t\t<\/section>\n\t\t\t\t<section class=\"elementor-section elementor-top-section elementor-element elementor-element-a49a612 elementor-section-boxed elementor-section-height-default elementor-section-height-default\" data-id=\"a49a612\" data-element_type=\"section\" data-e-type=\"section\">\n\t\t\t\t\t\t<div class=\"elementor-container elementor-column-gap-default\">\n\t\t\t\t\t<div class=\"elementor-column elementor-col-100 elementor-top-column elementor-element elementor-element-dd5dea2\" data-id=\"dd5dea2\" data-element_type=\"column\" data-e-type=\"column\">\n\t\t\t<div class=\"elementor-widget-wrap elementor-element-populated\">\n\t\t\t\t\t\t<div class=\"elementor-element elementor-element-80a6c3e elementor-widget__width-inherit elementor-widget elementor-widget-html\" data-id=\"80a6c3e\" data-element_type=\"widget\" data-e-type=\"widget\" data-widget_type=\"html.default\">\n\t\t\t\t<div class=\"elementor-widget-container\">\n\t\t\t\t\t<section>\n\n <iframe data-src=\"https:\/\/iframe.hellowork.com\/stockmeier.html\" width=\"100%\" height=\"1000px\" src=\"data:image\/svg+xml;base64,PHN2ZyB3aWR0aD0iMSIgaGVpZ2h0PSIxIiB4bWxucz0iaHR0cDovL3d3dy53My5vcmcvMjAwMC9zdmciPjwvc3ZnPg==\" class=\"lazyload\" data-load-mode=\"1\"><\/iframe>\n\n <p style=\"font-family:Open-Sans,Arial,sans-serif;font-size:1.2em;padding-top:2.4em;text-align:center;color:#7e7f83\">\n\n  A service offered by \n\n<a style=\"text-decoration:none;color:inherit;\" href=\"https:\/\/www.hellowork.com\/fr-fr\/emploi.html\"> Hellowork<\/a> \n\n<\/p> \n\n<\/section>\t\t\t\t<\/div>\n\t\t\t\t<\/div>\n\t\t\t\t\t<\/div>\n\t\t<\/div>\n\t\t\t\t\t<\/div>\n\t\t<\/section>\n\t\t\t\t<\/div>\n\t\t","protected":false},"excerpt":{"rendered":"<p>Our job offers A service offered by Hellowork<\/p>\n","protected":false},"author":1,"featured_media":0,"parent":14005,"menu_order":0,"comment_status":"closed","ping_status":"closed","template":"","meta":{"_acf_changed":false,"inline_featured_image":false,"footnotes":""},"class_list":["post-13967","page","type-page","status-publish","hentry"],"acf":[],"yoast_head":"<!-- This site is optimized with the Yoast SEO plugin v27.5 - https:\/\/yoast.com\/product\/yoast-seo-wordpress\/ -->\n<title>Jobs Stockmeier - STOCKMEIER France<\/title>\n<meta name=\"description\" content=\"See our job offers Stockmeier France\" \/>\n<meta name=\"robots\" content=\"index, follow, max-snippet:-1, max-image-preview:large, max-video-preview:-1\" \/>\n<link rel=\"canonical\" href=\"https:\/\/www.stockmeier.fr\/en\/work-for-us\/stockmeier-job-offers\/\" \/>\n<meta property=\"og:locale\" content=\"en_US\" \/>\n<meta property=\"og:type\" content=\"article\" \/>\n<meta property=\"og:title\" content=\"Jobs Stockmeier - STOCKMEIER France\" \/>\n<meta property=\"og:description\" content=\"See our job offers Stockmeier France\" \/>\n<meta property=\"og:url\" content=\"https:\/\/www.stockmeier.fr\/en\/work-for-us\/stockmeier-job-offers\/\" \/>\n<meta property=\"og:site_name\" content=\"STOCKMEIER France\" \/>\n<meta property=\"article:publisher\" content=\"https:\/\/www.facebook.com\/STOCKMEIERGruppe\/\" \/>\n<meta property=\"article:modified_time\" content=\"2026-01-16T15:50:12+00:00\" \/>\n<meta name=\"twitter:card\" content=\"summary_large_image\" \/>\n<script type=\"application\/ld+json\" class=\"yoast-schema-graph\">{\"@context\":\"https:\\\/\\\/schema.org\",\"@graph\":[{\"@type\":\"WebPage\",\"@id\":\"https:\\\/\\\/www.stockmeier.fr\\\/en\\\/work-for-us\\\/stockmeier-job-offers\\\/\",\"url\":\"https:\\\/\\\/www.stockmeier.fr\\\/en\\\/work-for-us\\\/stockmeier-job-offers\\\/\",\"name\":\"Jobs Stockmeier - STOCKMEIER France\",\"isPartOf\":{\"@id\":\"https:\\\/\\\/www.stockmeier.fr\\\/en\\\/#website\"},\"datePublished\":\"2022-10-24T12:16:03+00:00\",\"dateModified\":\"2026-01-16T15:50:12+00:00\",\"description\":\"See our job offers Stockmeier France\",\"breadcrumb\":{\"@id\":\"https:\\\/\\\/www.stockmeier.fr\\\/en\\\/work-for-us\\\/stockmeier-job-offers\\\/#breadcrumb\"},\"inLanguage\":\"en-US\",\"potentialAction\":[{\"@type\":\"ReadAction\",\"target\":[\"https:\\\/\\\/www.stockmeier.fr\\\/en\\\/work-for-us\\\/stockmeier-job-offers\\\/\"]}]},{\"@type\":\"BreadcrumbList\",\"@id\":\"https:\\\/\\\/www.stockmeier.fr\\\/en\\\/work-for-us\\\/stockmeier-job-offers\\\/#breadcrumb\",\"itemListElement\":[{\"@type\":\"ListItem\",\"position\":1,\"name\":\"Stockmeier France\",\"item\":\"https:\\\/\\\/www.stockmeier.fr\\\/en\\\/homepage\\\/\"},{\"@type\":\"ListItem\",\"position\":2,\"name\":\"Join us\",\"item\":\"https:\\\/\\\/www.stockmeier.fr\\\/en\\\/work-for-us\\\/\"},{\"@type\":\"ListItem\",\"position\":3,\"name\":\"Jobs Stockmeier\"}]},{\"@type\":\"WebSite\",\"@id\":\"https:\\\/\\\/www.stockmeier.fr\\\/en\\\/#website\",\"url\":\"https:\\\/\\\/www.stockmeier.fr\\\/en\\\/\",\"name\":\"STOCKMEIER France\",\"description\":\"le groupe Stockmeier est une soci\u00e9t\u00e9 de distribution de commodit\u00e9s et de sp\u00e9cialit\u00e9s chimiques au capital 100% familial\",\"publisher\":{\"@id\":\"https:\\\/\\\/www.stockmeier.fr\\\/en\\\/#organization\"},\"potentialAction\":[{\"@type\":\"SearchAction\",\"target\":{\"@type\":\"EntryPoint\",\"urlTemplate\":\"https:\\\/\\\/www.stockmeier.fr\\\/en\\\/?s={search_term_string}\"},\"query-input\":{\"@type\":\"PropertyValueSpecification\",\"valueRequired\":true,\"valueName\":\"search_term_string\"}}],\"inLanguage\":\"en-US\"},{\"@type\":\"Organization\",\"@id\":\"https:\\\/\\\/www.stockmeier.fr\\\/en\\\/#organization\",\"name\":\"STOCKMEIER France\",\"url\":\"https:\\\/\\\/www.stockmeier.fr\\\/en\\\/\",\"logo\":{\"@type\":\"ImageObject\",\"inLanguage\":\"en-US\",\"@id\":\"https:\\\/\\\/www.stockmeier.fr\\\/en\\\/#\\\/schema\\\/logo\\\/image\\\/\",\"url\":\"https:\\\/\\\/www.stockmeier.fr\\\/wp-content\\\/uploads\\\/2022\\\/12\\\/STOCKMEIER_France.png\",\"contentUrl\":\"https:\\\/\\\/www.stockmeier.fr\\\/wp-content\\\/uploads\\\/2022\\\/12\\\/STOCKMEIER_France.png\",\"width\":4725,\"height\":2646,\"caption\":\"STOCKMEIER France\"},\"image\":{\"@id\":\"https:\\\/\\\/www.stockmeier.fr\\\/en\\\/#\\\/schema\\\/logo\\\/image\\\/\"},\"sameAs\":[\"https:\\\/\\\/www.facebook.com\\\/STOCKMEIERGruppe\\\/\"]}]}<\/script>\n<!-- \/ Yoast SEO plugin. -->","yoast_head_json":{"title":"Jobs Stockmeier - STOCKMEIER France","description":"See our job offers Stockmeier France","robots":{"index":"index","follow":"follow","max-snippet":"max-snippet:-1","max-image-preview":"max-image-preview:large","max-video-preview":"max-video-preview:-1"},"canonical":"https:\/\/www.stockmeier.fr\/en\/work-for-us\/stockmeier-job-offers\/","og_locale":"en_US","og_type":"article","og_title":"Jobs Stockmeier - STOCKMEIER France","og_description":"See our job offers Stockmeier France","og_url":"https:\/\/www.stockmeier.fr\/en\/work-for-us\/stockmeier-job-offers\/","og_site_name":"STOCKMEIER France","article_publisher":"https:\/\/www.facebook.com\/STOCKMEIERGruppe\/","article_modified_time":"2026-01-16T15:50:12+00:00","twitter_card":"summary_large_image","schema":{"@context":"https:\/\/schema.org","@graph":[{"@type":"WebPage","@id":"https:\/\/www.stockmeier.fr\/en\/work-for-us\/stockmeier-job-offers\/","url":"https:\/\/www.stockmeier.fr\/en\/work-for-us\/stockmeier-job-offers\/","name":"Jobs Stockmeier - STOCKMEIER France","isPartOf":{"@id":"https:\/\/www.stockmeier.fr\/en\/#website"},"datePublished":"2022-10-24T12:16:03+00:00","dateModified":"2026-01-16T15:50:12+00:00","description":"See our job offers Stockmeier France","breadcrumb":{"@id":"https:\/\/www.stockmeier.fr\/en\/work-for-us\/stockmeier-job-offers\/#breadcrumb"},"inLanguage":"en-US","potentialAction":[{"@type":"ReadAction","target":["https:\/\/www.stockmeier.fr\/en\/work-for-us\/stockmeier-job-offers\/"]}]},{"@type":"BreadcrumbList","@id":"https:\/\/www.stockmeier.fr\/en\/work-for-us\/stockmeier-job-offers\/#breadcrumb","itemListElement":[{"@type":"ListItem","position":1,"name":"Stockmeier France","item":"https:\/\/www.stockmeier.fr\/en\/homepage\/"},{"@type":"ListItem","position":2,"name":"Join us","item":"https:\/\/www.stockmeier.fr\/en\/work-for-us\/"},{"@type":"ListItem","position":3,"name":"Jobs Stockmeier"}]},{"@type":"WebSite","@id":"https:\/\/www.stockmeier.fr\/en\/#website","url":"https:\/\/www.stockmeier.fr\/en\/","name":"STOCKMEIER France","description":"le groupe Stockmeier est une soci\u00e9t\u00e9 de distribution de commodit\u00e9s et de sp\u00e9cialit\u00e9s chimiques au capital 100% familial","publisher":{"@id":"https:\/\/www.stockmeier.fr\/en\/#organization"},"potentialAction":[{"@type":"SearchAction","target":{"@type":"EntryPoint","urlTemplate":"https:\/\/www.stockmeier.fr\/en\/?s={search_term_string}"},"query-input":{"@type":"PropertyValueSpecification","valueRequired":true,"valueName":"search_term_string"}}],"inLanguage":"en-US"},{"@type":"Organization","@id":"https:\/\/www.stockmeier.fr\/en\/#organization","name":"STOCKMEIER France","url":"https:\/\/www.stockmeier.fr\/en\/","logo":{"@type":"ImageObject","inLanguage":"en-US","@id":"https:\/\/www.stockmeier.fr\/en\/#\/schema\/logo\/image\/","url":"https:\/\/www.stockmeier.fr\/wp-content\/uploads\/2022\/12\/STOCKMEIER_France.png","contentUrl":"https:\/\/www.stockmeier.fr\/wp-content\/uploads\/2022\/12\/STOCKMEIER_France.png","width":4725,"height":2646,"caption":"STOCKMEIER France"},"image":{"@id":"https:\/\/www.stockmeier.fr\/en\/#\/schema\/logo\/image\/"},"sameAs":["https:\/\/www.facebook.com\/STOCKMEIERGruppe\/"]}]}},"_links":{"self":[{"href":"https:\/\/www.stockmeier.fr\/en\/wp-json\/wp\/v2\/pages\/13967","targetHints":{"allow":["GET"]}}],"collection":[{"href":"https:\/\/www.stockmeier.fr\/en\/wp-json\/wp\/v2\/pages"}],"about":[{"href":"https:\/\/www.stockmeier.fr\/en\/wp-json\/wp\/v2\/types\/page"}],"author":[{"embeddable":true,"href":"https:\/\/www.stockmeier.fr\/en\/wp-json\/wp\/v2\/users\/1"}],"replies":[{"embeddable":true,"href":"https:\/\/www.stockmeier.fr\/en\/wp-json\/wp\/v2\/comments?post=13967"}],"version-history":[{"count":5,"href":"https:\/\/www.stockmeier.fr\/en\/wp-json\/wp\/v2\/pages\/13967\/revisions"}],"predecessor-version":[{"id":58875,"href":"https:\/\/www.stockmeier.fr\/en\/wp-json\/wp\/v2\/pages\/13967\/revisions\/58875"}],"up":[{"embeddable":true,"href":"https:\/\/www.stockmeier.fr\/en\/wp-json\/wp\/v2\/pages\/14005"}],"wp:attachment":[{"href":"https:\/\/www.stockmeier.fr\/en\/wp-json\/wp\/v2\/media?parent=13967"}],"curies":[{"name":"wp","href":"https:\/\/api.w.org\/{rel}","templated":true}]}}